{"id":5780,"date":"2024-10-22T22:16:23","date_gmt":"2024-10-22T20:16:23","guid":{"rendered":"https:\/\/www.quelagrow.com\/sem%20categoria\/inductor-crecimiento-y-produccion\/"},"modified":"2024-12-09T19:41:22","modified_gmt":"2024-12-09T18:41:22","slug":"indutor-de-crescimento-e-producao","status":"publish","type":"product","link":"https:\/\/www.quelagrow.com\/pt\/fertilizantes-agricolas\/bioestimulantes-agricolas\/indutor-de-crescimento-e-producao\/","title":{"rendered":"QUELAFERT\u00ae ACTIV"},"content":{"rendered":"<p>Produto \u00e0 base de amino\u00e1cidos de elevada qualidade nutricional, facilmente assimil\u00e1veis pela planta. Ativa o crescimento vegetativo e desbloqueia a planta em situa\u00e7\u00f5es de stress, tais como: <\/p>\n<ul>\n<li>Fase inicial da cultura, melhoramento do enraizamento.<\/li>\n<li>Defici\u00eancias t\u00e9rmicas e h\u00eddricas que enfraquecem ou paralisam a planta.<\/li>\n<li>Apoia os processos metab\u00f3licos da frutifica\u00e7\u00e3o e da engorda.<\/li>\n<li>Culturas em plena produ\u00e7\u00e3o, onde existem elevadas exig\u00eancias nutricionais, resultando em melhores rendimentos e qualidade dos frutos (homog\u00e9neos e de maior tamanho).<\/li>\n<li>Adiantamento da colheita<\/li>\n<li>Melhora a colora\u00e7\u00e3o e o grau brix.<\/li>\n<\/ul>\n<p>Em suma, o <strong>Q. ACTIV <\/strong> ajuda as culturas a atingir o seu potencial gen\u00e9tico de colheita e qualidade.<\/p>\n","protected":false},"excerpt":{"rendered":"<p>Produto \u00e0 base de amino\u00e1cidos de elevada qualidade nutricional, facilmente assimil\u00e1veis pela planta. Ativa o crescimento vegetativo e desbloqueia a planta em situa\u00e7\u00f5es de stress, tais como: Fase inicial da cultura, melhoramento do enraizamento. Defici\u00eancias t\u00e9rmicas e h\u00eddricas que enfraquecem ou paralisam a planta. Apoia os processos metab\u00f3licos da frutifica\u00e7\u00e3o e da engorda. Culturas em [&hellip;]<\/p>\n","protected":false},"featured_media":6291,"comment_status":"closed","ping_status":"closed","template":"","meta":{"_acf_changed":false},"product_brand":[],"product_cat":[203,200],"product_tag":[],"class_list":{"0":"post-5780","1":"product","2":"type-product","3":"status-publish","4":"has-post-thumbnail","6":"product_cat-bioestimulantes-agricolas","7":"product_cat-fertilizantes-agricolas","9":"first","10":"instock","11":"taxable","12":"shipping-taxable","13":"product-type-simple"},"acf":[],"_links":{"self":[{"href":"https:\/\/www.quelagrow.com\/pt\/wp-json\/wp\/v2\/product\/5780","targetHints":{"allow":["GET"]}}],"collection":[{"href":"https:\/\/www.quelagrow.com\/pt\/wp-json\/wp\/v2\/product"}],"about":[{"href":"https:\/\/www.quelagrow.com\/pt\/wp-json\/wp\/v2\/types\/product"}],"replies":[{"embeddable":true,"href":"https:\/\/www.quelagrow.com\/pt\/wp-json\/wp\/v2\/comments?post=5780"}],"version-history":[{"count":1,"href":"https:\/\/www.quelagrow.com\/pt\/wp-json\/wp\/v2\/product\/5780\/revisions"}],"predecessor-version":[{"id":5883,"href":"https:\/\/www.quelagrow.com\/pt\/wp-json\/wp\/v2\/product\/5780\/revisions\/5883"}],"wp:featuredmedia":[{"embeddable":true,"href":"https:\/\/www.quelagrow.com\/pt\/wp-json\/wp\/v2\/media\/6291"}],"wp:attachment":[{"href":"https:\/\/www.quelagrow.com\/pt\/wp-json\/wp\/v2\/media?parent=5780"}],"wp:term":[{"taxonomy":"product_brand","embeddable":true,"href":"https:\/\/www.quelagrow.com\/pt\/wp-json\/wp\/v2\/product_brand?post=5780"},{"taxonomy":"product_cat","embeddable":true,"href":"https:\/\/www.quelagrow.com\/pt\/wp-json\/wp\/v2\/product_cat?post=5780"},{"taxonomy":"product_tag","embeddable":true,"href":"https:\/\/www.quelagrow.com\/pt\/wp-json\/wp\/v2\/product_tag?post=5780"}],"curies":[{"name":"wp","href":"https:\/\/api.w.org\/{rel}","templated":true}]}}