{"id":5786,"date":"2024-10-22T21:32:45","date_gmt":"2024-10-22T19:32:45","guid":{"rendered":"https:\/\/www.quelagrow.com\/sem%20categoria\/estimulante-desarrollo-fruto\/"},"modified":"2024-12-09T19:42:13","modified_gmt":"2024-12-09T18:42:13","slug":"estimulante-desarrollo-fruto","status":"publish","type":"product","link":"https:\/\/www.quelagrow.com\/pt\/fertilizantes-agricolas\/aminoacidos-agricolas\/estimulante-desarrollo-fruto\/","title":{"rendered":"QUELAFERT\u00ae POWER-H"},"content":{"rendered":"<p><strong>QUELAFERT\u00ae POWER-H<\/strong> \u00e9 uma formula\u00e7\u00e3o s\u00f3lida que cont\u00e9m c\u00e1lcio, zinco, mangan\u00eas, amino\u00e1cidos selecionados, vitaminas e enzimas, concebida para:<\/p>\n<ul>\n<li>Aumentar o rendimento das culturas, promovendo a engorda dos frutos desde as primeiras fases do seu desenvolvimento.<\/li>\n<li>Para dar mais consist\u00eancia ao fruto gra\u00e7as \u00e0 contribui\u00e7\u00e3o dos microelementos, o que favorece o transporte.<\/li>\n<\/ul>\n","protected":false},"excerpt":{"rendered":"<p>QUELAFERT\u00ae POWER-H \u00e9 uma formula\u00e7\u00e3o s\u00f3lida que cont\u00e9m c\u00e1lcio, zinco, mangan\u00eas, amino\u00e1cidos selecionados, vitaminas e enzimas, concebida para: Aumentar o rendimento das culturas, promovendo a engorda dos frutos desde as primeiras fases do seu desenvolvimento. Para dar mais consist\u00eancia ao fruto gra\u00e7as \u00e0 contribui\u00e7\u00e3o dos microelementos, o que favorece o transporte.<\/p>\n","protected":false},"featured_media":6445,"comment_status":"closed","ping_status":"closed","template":"","meta":{"_acf_changed":false},"product_brand":[],"product_cat":[202,200],"product_tag":[],"class_list":{"0":"post-5786","1":"product","2":"type-product","3":"status-publish","4":"has-post-thumbnail","6":"product_cat-aminoacidos-agricolas","7":"product_cat-fertilizantes-agricolas","9":"first","10":"instock","11":"taxable","12":"shipping-taxable","13":"product-type-simple"},"acf":[],"_links":{"self":[{"href":"https:\/\/www.quelagrow.com\/pt\/wp-json\/wp\/v2\/product\/5786","targetHints":{"allow":["GET"]}}],"collection":[{"href":"https:\/\/www.quelagrow.com\/pt\/wp-json\/wp\/v2\/product"}],"about":[{"href":"https:\/\/www.quelagrow.com\/pt\/wp-json\/wp\/v2\/types\/product"}],"replies":[{"embeddable":true,"href":"https:\/\/www.quelagrow.com\/pt\/wp-json\/wp\/v2\/comments?post=5786"}],"version-history":[{"count":1,"href":"https:\/\/www.quelagrow.com\/pt\/wp-json\/wp\/v2\/product\/5786\/revisions"}],"predecessor-version":[{"id":5886,"href":"https:\/\/www.quelagrow.com\/pt\/wp-json\/wp\/v2\/product\/5786\/revisions\/5886"}],"wp:featuredmedia":[{"embeddable":true,"href":"https:\/\/www.quelagrow.com\/pt\/wp-json\/wp\/v2\/media\/6445"}],"wp:attachment":[{"href":"https:\/\/www.quelagrow.com\/pt\/wp-json\/wp\/v2\/media?parent=5786"}],"wp:term":[{"taxonomy":"product_brand","embeddable":true,"href":"https:\/\/www.quelagrow.com\/pt\/wp-json\/wp\/v2\/product_brand?post=5786"},{"taxonomy":"product_cat","embeddable":true,"href":"https:\/\/www.quelagrow.com\/pt\/wp-json\/wp\/v2\/product_cat?post=5786"},{"taxonomy":"product_tag","embeddable":true,"href":"https:\/\/www.quelagrow.com\/pt\/wp-json\/wp\/v2\/product_tag?post=5786"}],"curies":[{"name":"wp","href":"https:\/\/api.w.org\/{rel}","templated":true}]}}