{"id":5788,"date":"2024-10-22T19:57:59","date_gmt":"2024-10-22T17:57:59","guid":{"rendered":"https:\/\/www.quelagrow.com\/sem%20categoria\/liquido\/"},"modified":"2024-12-09T19:42:23","modified_gmt":"2024-12-09T18:42:23","slug":"liquido","status":"publish","type":"product","link":"https:\/\/www.quelagrow.com\/pt\/fertilizantes-agricolas\/aminoacidos-agricolas\/liquido\/","title":{"rendered":"QUELAFERT\u00ae AMINO 60"},"content":{"rendered":"<p><strong>QUELAFERT\u00ae AMINO 60<\/strong> \u00e9 um produto l\u00edquido \u00e0 base de amino\u00e1cidos, p\u00e9ptidos, polip\u00e9ptidos e polissac\u00e1ridos provenientes da hidr\u00f3lise de prote\u00ednas purificadas de origem animal (epit\u00e9lio) e com elevado teor de mat\u00e9ria org\u00e2nica.<\/p>\n<p>Com <strong>QUELAFERT\u00ae AMINO 60<\/strong> a planta \u00e9 ajudada em situa\u00e7\u00f5es de stress (seca, temperaturas extremas, doen\u00e7as, &#8230;) e a frutifica\u00e7\u00e3o e o desenvolvimento dos frutos s\u00e3o favorecidos.<\/p>\n","protected":false},"excerpt":{"rendered":"<p>QUELAFERT\u00ae AMINO 60 \u00e9 um produto l\u00edquido \u00e0 base de amino\u00e1cidos, p\u00e9ptidos, polip\u00e9ptidos e polissac\u00e1ridos provenientes da hidr\u00f3lise de prote\u00ednas purificadas de origem animal (epit\u00e9lio) e com elevado teor de mat\u00e9ria org\u00e2nica. Com QUELAFERT\u00ae AMINO 60 a planta \u00e9 ajudada em situa\u00e7\u00f5es de stress (seca, temperaturas extremas, doen\u00e7as, &#8230;) e a frutifica\u00e7\u00e3o e o desenvolvimento [&hellip;]<\/p>\n","protected":false},"featured_media":6819,"comment_status":"closed","ping_status":"closed","template":"","meta":{"_acf_changed":false},"product_brand":[],"product_cat":[202,200],"product_tag":[208,211],"class_list":{"0":"post-5788","1":"product","2":"type-product","3":"status-publish","4":"has-post-thumbnail","6":"product_cat-aminoacidos-agricolas","7":"product_cat-fertilizantes-agricolas","8":"product_tag-aminoacidos-organicos-agricultura","9":"product_tag-organico","11":"first","12":"instock","13":"taxable","14":"shipping-taxable","15":"product-type-simple"},"acf":[],"_links":{"self":[{"href":"https:\/\/www.quelagrow.com\/pt\/wp-json\/wp\/v2\/product\/5788","targetHints":{"allow":["GET"]}}],"collection":[{"href":"https:\/\/www.quelagrow.com\/pt\/wp-json\/wp\/v2\/product"}],"about":[{"href":"https:\/\/www.quelagrow.com\/pt\/wp-json\/wp\/v2\/types\/product"}],"replies":[{"embeddable":true,"href":"https:\/\/www.quelagrow.com\/pt\/wp-json\/wp\/v2\/comments?post=5788"}],"version-history":[{"count":1,"href":"https:\/\/www.quelagrow.com\/pt\/wp-json\/wp\/v2\/product\/5788\/revisions"}],"predecessor-version":[{"id":5887,"href":"https:\/\/www.quelagrow.com\/pt\/wp-json\/wp\/v2\/product\/5788\/revisions\/5887"}],"wp:featuredmedia":[{"embeddable":true,"href":"https:\/\/www.quelagrow.com\/pt\/wp-json\/wp\/v2\/media\/6819"}],"wp:attachment":[{"href":"https:\/\/www.quelagrow.com\/pt\/wp-json\/wp\/v2\/media?parent=5788"}],"wp:term":[{"taxonomy":"product_brand","embeddable":true,"href":"https:\/\/www.quelagrow.com\/pt\/wp-json\/wp\/v2\/product_brand?post=5788"},{"taxonomy":"product_cat","embeddable":true,"href":"https:\/\/www.quelagrow.com\/pt\/wp-json\/wp\/v2\/product_cat?post=5788"},{"taxonomy":"product_tag","embeddable":true,"href":"https:\/\/www.quelagrow.com\/pt\/wp-json\/wp\/v2\/product_tag?post=5788"}],"curies":[{"name":"wp","href":"https:\/\/api.w.org\/{rel}","templated":true}]}}