{"id":5794,"date":"2024-10-14T19:37:18","date_gmt":"2024-10-14T17:37:18","guid":{"rendered":"https:\/\/www.quelagrow.com\/sem%20categoria\/quelafert-quelagib-16\/"},"modified":"2024-12-09T19:43:57","modified_gmt":"2024-12-09T18:43:57","slug":"quelafert-quelagib-16","status":"publish","type":"product","link":"https:\/\/www.quelagrow.com\/pt\/fertilizantes-agricolas\/fito-reguladores\/quelafert-quelagib-16\/","title":{"rendered":"QUELAFERT\u00ae QUELAGIB 1.6"},"content":{"rendered":"<p><strong>QUELAGIB 1.6 <\/strong> \u00e9 uma formula\u00e7\u00e3o \u00e0 base de prote\u00ednas, amino\u00e1cidos e giberelinas. <strong>QUELAGIB 1.6<\/strong> favorece os processos fito-hormonais que influenciam a flora\u00e7\u00e3o at\u00e9 \u00e0 matura\u00e7\u00e3o, conseguindo uma maior fertiliza\u00e7\u00e3o e frutos mais homog\u00e9neos. <strong>QUELAGIB 1.6<\/strong> actua homogeneizando a flora\u00e7\u00e3o, conseguindo uma melhor frutifica\u00e7\u00e3o e desenvolvimento dos frutos. Aplica-se em: tomate, pepino e melancia, em plena flora\u00e7\u00e3o e at\u00e9 21 dias antes da colheita. Em citrinos, um m\u00eas antes da colheita. Em uvas com grainha, com cachos de 2-4 cm de comprimento, e sem grainha, antes da flora\u00e7\u00e3o, em plena flora\u00e7\u00e3o e na queda das p\u00e9talas.<\/p>\n","protected":false},"excerpt":{"rendered":"<p>QUELAGIB 1.6 \u00e9 uma formula\u00e7\u00e3o \u00e0 base de prote\u00ednas, amino\u00e1cidos e giberelinas. QUELAGIB 1.6 favorece os processos fito-hormonais que influenciam a flora\u00e7\u00e3o at\u00e9 \u00e0 matura\u00e7\u00e3o, conseguindo uma maior fertiliza\u00e7\u00e3o e frutos mais homog\u00e9neos. QUELAGIB 1.6 actua homogeneizando a flora\u00e7\u00e3o, conseguindo uma melhor frutifica\u00e7\u00e3o e desenvolvimento dos frutos. Aplica-se em: tomate, pepino e melancia, em plena [&hellip;]<\/p>\n","protected":false},"featured_media":7101,"comment_status":"closed","ping_status":"closed","template":"","meta":{"_acf_changed":false},"product_brand":[],"product_cat":[200,205],"product_tag":[],"class_list":{"0":"post-5794","1":"product","2":"type-product","3":"status-publish","4":"has-post-thumbnail","6":"product_cat-fertilizantes-agricolas","7":"product_cat-fito-reguladores","9":"first","10":"instock","11":"taxable","12":"shipping-taxable","13":"product-type-simple"},"acf":[],"_links":{"self":[{"href":"https:\/\/www.quelagrow.com\/pt\/wp-json\/wp\/v2\/product\/5794","targetHints":{"allow":["GET"]}}],"collection":[{"href":"https:\/\/www.quelagrow.com\/pt\/wp-json\/wp\/v2\/product"}],"about":[{"href":"https:\/\/www.quelagrow.com\/pt\/wp-json\/wp\/v2\/types\/product"}],"replies":[{"embeddable":true,"href":"https:\/\/www.quelagrow.com\/pt\/wp-json\/wp\/v2\/comments?post=5794"}],"version-history":[{"count":1,"href":"https:\/\/www.quelagrow.com\/pt\/wp-json\/wp\/v2\/product\/5794\/revisions"}],"predecessor-version":[{"id":5890,"href":"https:\/\/www.quelagrow.com\/pt\/wp-json\/wp\/v2\/product\/5794\/revisions\/5890"}],"wp:featuredmedia":[{"embeddable":true,"href":"https:\/\/www.quelagrow.com\/pt\/wp-json\/wp\/v2\/media\/7101"}],"wp:attachment":[{"href":"https:\/\/www.quelagrow.com\/pt\/wp-json\/wp\/v2\/media?parent=5794"}],"wp:term":[{"taxonomy":"product_brand","embeddable":true,"href":"https:\/\/www.quelagrow.com\/pt\/wp-json\/wp\/v2\/product_brand?post=5794"},{"taxonomy":"product_cat","embeddable":true,"href":"https:\/\/www.quelagrow.com\/pt\/wp-json\/wp\/v2\/product_cat?post=5794"},{"taxonomy":"product_tag","embeddable":true,"href":"https:\/\/www.quelagrow.com\/pt\/wp-json\/wp\/v2\/product_tag?post=5794"}],"curies":[{"name":"wp","href":"https:\/\/api.w.org\/{rel}","templated":true}]}}