{"id":5798,"date":"2024-10-14T19:21:37","date_gmt":"2024-10-14T17:21:37","guid":{"rendered":"https:\/\/www.quelagrow.com\/sem%20categoria\/bioactivador-cuajado-engorde\/"},"modified":"2024-12-09T19:44:25","modified_gmt":"2024-12-09T18:44:25","slug":"bioactivador-para-engorda","status":"publish","type":"product","link":"https:\/\/www.quelagrow.com\/pt\/fertilizantes-agricolas\/fito-reguladores\/bioactivador-para-engorda\/","title":{"rendered":"QUELAFERT\u00ae HORM"},"content":{"rendered":"<p><strong>QUELAFERT\u00ae HORM<\/strong> \u00e9 uma f\u00f3rmula que induz e melhora os processos de flora\u00e7\u00e3o, frutifica\u00e7\u00e3o e engorda das culturas.<\/p>\n<p> \u00c9 um composto de amino\u00e1cidos enriquecido com \u00e1cidos org\u00e2nicos e p\u00e9ptidos que favorecem a flora\u00e7\u00e3o e estimulam o crescimento dos frutos nas fases iniciais.<\/p>\n","protected":false},"excerpt":{"rendered":"<p>QUELAFERT\u00ae HORM \u00e9 uma f\u00f3rmula que induz e melhora os processos de flora\u00e7\u00e3o, frutifica\u00e7\u00e3o e engorda das culturas. \u00c9 um composto de amino\u00e1cidos enriquecido com \u00e1cidos org\u00e2nicos e p\u00e9ptidos que favorecem a flora\u00e7\u00e3o e estimulam o crescimento dos frutos nas fases iniciais.<\/p>\n","protected":false},"featured_media":6615,"comment_status":"closed","ping_status":"closed","template":"","meta":{"_acf_changed":false},"product_brand":[],"product_cat":[200,205],"product_tag":[],"class_list":{"0":"post-5798","1":"product","2":"type-product","3":"status-publish","4":"has-post-thumbnail","6":"product_cat-fertilizantes-agricolas","7":"product_cat-fito-reguladores","9":"first","10":"instock","11":"taxable","12":"shipping-taxable","13":"product-type-simple"},"acf":[],"_links":{"self":[{"href":"https:\/\/www.quelagrow.com\/pt\/wp-json\/wp\/v2\/product\/5798","targetHints":{"allow":["GET"]}}],"collection":[{"href":"https:\/\/www.quelagrow.com\/pt\/wp-json\/wp\/v2\/product"}],"about":[{"href":"https:\/\/www.quelagrow.com\/pt\/wp-json\/wp\/v2\/types\/product"}],"replies":[{"embeddable":true,"href":"https:\/\/www.quelagrow.com\/pt\/wp-json\/wp\/v2\/comments?post=5798"}],"version-history":[{"count":1,"href":"https:\/\/www.quelagrow.com\/pt\/wp-json\/wp\/v2\/product\/5798\/revisions"}],"predecessor-version":[{"id":5892,"href":"https:\/\/www.quelagrow.com\/pt\/wp-json\/wp\/v2\/product\/5798\/revisions\/5892"}],"wp:featuredmedia":[{"embeddable":true,"href":"https:\/\/www.quelagrow.com\/pt\/wp-json\/wp\/v2\/media\/6615"}],"wp:attachment":[{"href":"https:\/\/www.quelagrow.com\/pt\/wp-json\/wp\/v2\/media?parent=5798"}],"wp:term":[{"taxonomy":"product_brand","embeddable":true,"href":"https:\/\/www.quelagrow.com\/pt\/wp-json\/wp\/v2\/product_brand?post=5798"},{"taxonomy":"product_cat","embeddable":true,"href":"https:\/\/www.quelagrow.com\/pt\/wp-json\/wp\/v2\/product_cat?post=5798"},{"taxonomy":"product_tag","embeddable":true,"href":"https:\/\/www.quelagrow.com\/pt\/wp-json\/wp\/v2\/product_tag?post=5798"}],"curies":[{"name":"wp","href":"https:\/\/api.w.org\/{rel}","templated":true}]}}