{"id":5800,"date":"2024-10-14T18:55:34","date_gmt":"2024-10-14T16:55:34","guid":{"rendered":"https:\/\/www.quelagrow.com\/sem%20categoria\/bioactivador-cuajado-maduracion\/"},"modified":"2024-12-09T19:44:35","modified_gmt":"2024-12-09T18:44:35","slug":"bioactivador-para-amadurecimento","status":"publish","type":"product","link":"https:\/\/www.quelagrow.com\/pt\/fertilizantes-agricolas\/fito-reguladores\/bioactivador-para-amadurecimento\/","title":{"rendered":"QUELAFERT\u00ae MAX"},"content":{"rendered":"<p>Formula\u00e7\u00e3o l\u00edquida concebida para aplica\u00e7\u00e3o em culturas hort\u00edcolas e frut\u00edcolas, para estimular e favorecer de forma natural os processos de vingamento e engorda dos frutos.<br \/>\nMAX \u00e9 um produto \u00e0 base de extractos marinhos, polissac\u00e1ridos e prote\u00ednas. <\/p>\n<p>Os extractos marinhos s\u00e3o fontes naturais de fitohormonas naturais, que influenciam os processos de flora\u00e7\u00e3o e engorda dos frutos, promovendo a divis\u00e3o celular dos mesmos.<\/p>\n<p>Este produto cont\u00e9m uma mistura de benziladenina e amino\u00e1cidos sint\u00e9ticos que potenciam os efeitos dos extractos marinhos que cont\u00e9m.<\/p>\n","protected":false},"excerpt":{"rendered":"<p>Formula\u00e7\u00e3o l\u00edquida concebida para aplica\u00e7\u00e3o em culturas hort\u00edcolas e frut\u00edcolas, para estimular e favorecer de forma natural os processos de vingamento e engorda dos frutos. MAX \u00e9 um produto \u00e0 base de extractos marinhos, polissac\u00e1ridos e prote\u00ednas. Os extractos marinhos s\u00e3o fontes naturais de fitohormonas naturais, que influenciam os processos de flora\u00e7\u00e3o e engorda dos [&hellip;]<\/p>\n","protected":false},"featured_media":7107,"comment_status":"closed","ping_status":"closed","template":"","meta":{"_acf_changed":false},"product_brand":[],"product_cat":[200,205],"product_tag":[],"class_list":{"0":"post-5800","1":"product","2":"type-product","3":"status-publish","4":"has-post-thumbnail","6":"product_cat-fertilizantes-agricolas","7":"product_cat-fito-reguladores","9":"first","10":"instock","11":"taxable","12":"shipping-taxable","13":"product-type-simple"},"acf":[],"_links":{"self":[{"href":"https:\/\/www.quelagrow.com\/pt\/wp-json\/wp\/v2\/product\/5800","targetHints":{"allow":["GET"]}}],"collection":[{"href":"https:\/\/www.quelagrow.com\/pt\/wp-json\/wp\/v2\/product"}],"about":[{"href":"https:\/\/www.quelagrow.com\/pt\/wp-json\/wp\/v2\/types\/product"}],"replies":[{"embeddable":true,"href":"https:\/\/www.quelagrow.com\/pt\/wp-json\/wp\/v2\/comments?post=5800"}],"version-history":[{"count":1,"href":"https:\/\/www.quelagrow.com\/pt\/wp-json\/wp\/v2\/product\/5800\/revisions"}],"predecessor-version":[{"id":5893,"href":"https:\/\/www.quelagrow.com\/pt\/wp-json\/wp\/v2\/product\/5800\/revisions\/5893"}],"wp:featuredmedia":[{"embeddable":true,"href":"https:\/\/www.quelagrow.com\/pt\/wp-json\/wp\/v2\/media\/7107"}],"wp:attachment":[{"href":"https:\/\/www.quelagrow.com\/pt\/wp-json\/wp\/v2\/media?parent=5800"}],"wp:term":[{"taxonomy":"product_brand","embeddable":true,"href":"https:\/\/www.quelagrow.com\/pt\/wp-json\/wp\/v2\/product_brand?post=5800"},{"taxonomy":"product_cat","embeddable":true,"href":"https:\/\/www.quelagrow.com\/pt\/wp-json\/wp\/v2\/product_cat?post=5800"},{"taxonomy":"product_tag","embeddable":true,"href":"https:\/\/www.quelagrow.com\/pt\/wp-json\/wp\/v2\/product_tag?post=5800"}],"curies":[{"name":"wp","href":"https:\/\/api.w.org\/{rel}","templated":true}]}}