{"id":5802,"date":"2024-10-14T18:44:06","date_gmt":"2024-10-14T16:44:06","guid":{"rendered":"https:\/\/www.quelagrow.com\/sem%20categoria\/enrizante\/"},"modified":"2024-12-09T19:44:48","modified_gmt":"2024-12-09T18:44:48","slug":"enraizador","status":"publish","type":"product","link":"https:\/\/www.quelagrow.com\/pt\/fertilizantes-agricolas\/fito-reguladores\/enraizador\/","title":{"rendered":"QUELAFERT\u00ae RAICINE"},"content":{"rendered":"<p>Uma formula\u00e7\u00e3o completa que inclui uma s\u00e9rie de componentes que promovem o desenvolvimento das ra\u00edzes da planta, especialmente em tempos de stress. Gra\u00e7as aos amino\u00e1cidos naturais, polissac\u00e1ridos, \u00e1cidos policarbox\u00edlicos e fitohormonas do extrato seco de algas marinhas, consegue-se um desenvolvimento radicular r\u00e1pido e forte. <strong>QUELAFERT\u00ae RAICINE <\/strong> pode ser aplicado nas fases iniciais da cultura ou quando a planta est\u00e1 em plena produ\u00e7\u00e3o para ajudar a raiz a obter os nutrientes necess\u00e1rios exigidos pela parte a\u00e9rea da planta. <\/p>\n","protected":false},"excerpt":{"rendered":"<p>Uma formula\u00e7\u00e3o completa que inclui uma s\u00e9rie de componentes que promovem o desenvolvimento das ra\u00edzes da planta, especialmente em tempos de stress. Gra\u00e7as aos amino\u00e1cidos naturais, polissac\u00e1ridos, \u00e1cidos policarbox\u00edlicos e fitohormonas do extrato seco de algas marinhas, consegue-se um desenvolvimento radicular r\u00e1pido e forte. QUELAFERT\u00ae RAICINE pode ser aplicado nas fases iniciais da cultura ou [&hellip;]<\/p>\n","protected":false},"featured_media":6610,"comment_status":"closed","ping_status":"closed","template":"","meta":{"_acf_changed":false},"product_brand":[],"product_cat":[200,205],"product_tag":[237],"class_list":{"0":"post-5802","1":"product","2":"type-product","3":"status-publish","4":"has-post-thumbnail","6":"product_cat-fertilizantes-agricolas","7":"product_cat-fito-reguladores","8":"product_tag-fitohormonios-ecologicos","10":"first","11":"instock","12":"taxable","13":"shipping-taxable","14":"product-type-simple"},"acf":[],"_links":{"self":[{"href":"https:\/\/www.quelagrow.com\/pt\/wp-json\/wp\/v2\/product\/5802","targetHints":{"allow":["GET"]}}],"collection":[{"href":"https:\/\/www.quelagrow.com\/pt\/wp-json\/wp\/v2\/product"}],"about":[{"href":"https:\/\/www.quelagrow.com\/pt\/wp-json\/wp\/v2\/types\/product"}],"replies":[{"embeddable":true,"href":"https:\/\/www.quelagrow.com\/pt\/wp-json\/wp\/v2\/comments?post=5802"}],"version-history":[{"count":1,"href":"https:\/\/www.quelagrow.com\/pt\/wp-json\/wp\/v2\/product\/5802\/revisions"}],"predecessor-version":[{"id":5894,"href":"https:\/\/www.quelagrow.com\/pt\/wp-json\/wp\/v2\/product\/5802\/revisions\/5894"}],"wp:featuredmedia":[{"embeddable":true,"href":"https:\/\/www.quelagrow.com\/pt\/wp-json\/wp\/v2\/media\/6610"}],"wp:attachment":[{"href":"https:\/\/www.quelagrow.com\/pt\/wp-json\/wp\/v2\/media?parent=5802"}],"wp:term":[{"taxonomy":"product_brand","embeddable":true,"href":"https:\/\/www.quelagrow.com\/pt\/wp-json\/wp\/v2\/product_brand?post=5802"},{"taxonomy":"product_cat","embeddable":true,"href":"https:\/\/www.quelagrow.com\/pt\/wp-json\/wp\/v2\/product_cat?post=5802"},{"taxonomy":"product_tag","embeddable":true,"href":"https:\/\/www.quelagrow.com\/pt\/wp-json\/wp\/v2\/product_tag?post=5802"}],"curies":[{"name":"wp","href":"https:\/\/api.w.org\/{rel}","templated":true}]}}