{"id":5806,"date":"2024-10-14T18:29:10","date_gmt":"2024-10-14T16:29:10","guid":{"rendered":"https:\/\/www.quelagrow.com\/sem%20categoria\/bioinductor-floracion-boro-molibdeno\/"},"modified":"2024-12-09T19:45:18","modified_gmt":"2024-12-09T18:45:18","slug":"bioindutor-floracao-boro-molibdenio","status":"publish","type":"product","link":"https:\/\/www.quelagrow.com\/pt\/fertilizantes-agricolas\/corretores-de-carencias\/bioindutor-floracao-boro-molibdenio\/","title":{"rendered":"QUELAFERT\u00ae ECOCUAJE"},"content":{"rendered":"<p>Formula\u00e7\u00e3o em p\u00f3 \u00e0 base de boro e molibd\u00e9nio que favorece a flora\u00e7\u00e3o e a frutifica\u00e7\u00e3o. Possui um elevado teor de pot\u00e1ssio e magn\u00e9sio que favorece os processos fisiol\u00f3gicos em que estes microelementos est\u00e3o envolvidos. <strong>QUELAFERT\u00ae ECOCUAJE <\/strong> previne ou corrige as car\u00eancias ou desequil\u00edbrios na assimila\u00e7\u00e3o dos microelementos boro e molibd\u00e9nio, essenciais para a planta nos processos de flora\u00e7\u00e3o e frutifica\u00e7\u00e3o. Cont\u00e9m coadjuvantes que favorecem a absor\u00e7\u00e3o foliar e radicular dos microelementos que fornece. <\/p>\n","protected":false},"excerpt":{"rendered":"<p>Formula\u00e7\u00e3o em p\u00f3 \u00e0 base de boro e molibd\u00e9nio que favorece a flora\u00e7\u00e3o e a frutifica\u00e7\u00e3o. Possui um elevado teor de pot\u00e1ssio e magn\u00e9sio que favorece os processos fisiol\u00f3gicos em que estes microelementos est\u00e3o envolvidos. QUELAFERT\u00ae ECOCUAJE previne ou corrige as car\u00eancias ou desequil\u00edbrios na assimila\u00e7\u00e3o dos microelementos boro e molibd\u00e9nio, essenciais para a planta [&hellip;]<\/p>\n","protected":false},"featured_media":6485,"comment_status":"closed","ping_status":"closed","template":"","meta":{"_acf_changed":false},"product_brand":[],"product_cat":[204,200],"product_tag":[210,211],"class_list":{"0":"post-5806","1":"product","2":"type-product","3":"status-publish","4":"has-post-thumbnail","6":"product_cat-corretores-de-carencias","7":"product_cat-fertilizantes-agricolas","8":"product_tag-corretores-de-carencias-ecologicas-agricultura","9":"product_tag-organico","11":"first","12":"instock","13":"taxable","14":"shipping-taxable","15":"product-type-simple"},"acf":[],"_links":{"self":[{"href":"https:\/\/www.quelagrow.com\/pt\/wp-json\/wp\/v2\/product\/5806","targetHints":{"allow":["GET"]}}],"collection":[{"href":"https:\/\/www.quelagrow.com\/pt\/wp-json\/wp\/v2\/product"}],"about":[{"href":"https:\/\/www.quelagrow.com\/pt\/wp-json\/wp\/v2\/types\/product"}],"replies":[{"embeddable":true,"href":"https:\/\/www.quelagrow.com\/pt\/wp-json\/wp\/v2\/comments?post=5806"}],"version-history":[{"count":1,"href":"https:\/\/www.quelagrow.com\/pt\/wp-json\/wp\/v2\/product\/5806\/revisions"}],"predecessor-version":[{"id":5896,"href":"https:\/\/www.quelagrow.com\/pt\/wp-json\/wp\/v2\/product\/5806\/revisions\/5896"}],"wp:featuredmedia":[{"embeddable":true,"href":"https:\/\/www.quelagrow.com\/pt\/wp-json\/wp\/v2\/media\/6485"}],"wp:attachment":[{"href":"https:\/\/www.quelagrow.com\/pt\/wp-json\/wp\/v2\/media?parent=5806"}],"wp:term":[{"taxonomy":"product_brand","embeddable":true,"href":"https:\/\/www.quelagrow.com\/pt\/wp-json\/wp\/v2\/product_brand?post=5806"},{"taxonomy":"product_cat","embeddable":true,"href":"https:\/\/www.quelagrow.com\/pt\/wp-json\/wp\/v2\/product_cat?post=5806"},{"taxonomy":"product_tag","embeddable":true,"href":"https:\/\/www.quelagrow.com\/pt\/wp-json\/wp\/v2\/product_tag?post=5806"}],"curies":[{"name":"wp","href":"https:\/\/api.w.org\/{rel}","templated":true}]}}