{"id":5808,"date":"2024-10-14T18:21:59","date_gmt":"2024-10-14T16:21:59","guid":{"rendered":"https:\/\/www.quelagrow.com\/sem%20categoria\/bioinductor-b-mo\/"},"modified":"2024-12-09T19:45:28","modified_gmt":"2024-12-09T18:45:28","slug":"bioindutor-b-mo","status":"publish","type":"product","link":"https:\/\/www.quelagrow.com\/pt\/fertilizantes-agricolas\/corretores-de-carencias\/bioindutor-b-mo\/","title":{"rendered":"QUELAFERT\u00ae CUAJE"},"content":{"rendered":"<p>Formula\u00e7\u00e3o em p\u00f3 \u00e0 base de boro e molibd\u00e9nio para favorecer a flora\u00e7\u00e3o e a frutifica\u00e7\u00e3o.<\/p>\n<p>Com <strong>QUELAFERT\u00aeCUAJE<\/strong> previnem-se ou corrigem-se defici\u00eancias ou desequil\u00edbrios na assimila\u00e7\u00e3o dos microelementos boro e molibd\u00e9nio, essenciais para a planta nos processos de flora\u00e7\u00e3o e frutifica\u00e7\u00e3o. <\/p>\n<p>Cont\u00e9m adjuvantes que favorecem a absor\u00e7\u00e3o foliar e radicular dos microelementos que fornece.<\/p>\n","protected":false},"excerpt":{"rendered":"<p>Formula\u00e7\u00e3o em p\u00f3 \u00e0 base de boro e molibd\u00e9nio para favorecer a flora\u00e7\u00e3o e a frutifica\u00e7\u00e3o. Com QUELAFERT\u00aeCUAJE previnem-se ou corrigem-se defici\u00eancias ou desequil\u00edbrios na assimila\u00e7\u00e3o dos microelementos boro e molibd\u00e9nio, essenciais para a planta nos processos de flora\u00e7\u00e3o e frutifica\u00e7\u00e3o. Cont\u00e9m adjuvantes que favorecem a absor\u00e7\u00e3o foliar e radicular dos microelementos que fornece.<\/p>\n","protected":false},"featured_media":6468,"comment_status":"closed","ping_status":"closed","template":"","meta":{"_acf_changed":false},"product_brand":[],"product_cat":[204,200],"product_tag":[],"class_list":{"0":"post-5808","1":"product","2":"type-product","3":"status-publish","4":"has-post-thumbnail","6":"product_cat-corretores-de-carencias","7":"product_cat-fertilizantes-agricolas","9":"first","10":"instock","11":"taxable","12":"shipping-taxable","13":"product-type-simple"},"acf":[],"_links":{"self":[{"href":"https:\/\/www.quelagrow.com\/pt\/wp-json\/wp\/v2\/product\/5808","targetHints":{"allow":["GET"]}}],"collection":[{"href":"https:\/\/www.quelagrow.com\/pt\/wp-json\/wp\/v2\/product"}],"about":[{"href":"https:\/\/www.quelagrow.com\/pt\/wp-json\/wp\/v2\/types\/product"}],"replies":[{"embeddable":true,"href":"https:\/\/www.quelagrow.com\/pt\/wp-json\/wp\/v2\/comments?post=5808"}],"version-history":[{"count":1,"href":"https:\/\/www.quelagrow.com\/pt\/wp-json\/wp\/v2\/product\/5808\/revisions"}],"predecessor-version":[{"id":5897,"href":"https:\/\/www.quelagrow.com\/pt\/wp-json\/wp\/v2\/product\/5808\/revisions\/5897"}],"wp:featuredmedia":[{"embeddable":true,"href":"https:\/\/www.quelagrow.com\/pt\/wp-json\/wp\/v2\/media\/6468"}],"wp:attachment":[{"href":"https:\/\/www.quelagrow.com\/pt\/wp-json\/wp\/v2\/media?parent=5808"}],"wp:term":[{"taxonomy":"product_brand","embeddable":true,"href":"https:\/\/www.quelagrow.com\/pt\/wp-json\/wp\/v2\/product_brand?post=5808"},{"taxonomy":"product_cat","embeddable":true,"href":"https:\/\/www.quelagrow.com\/pt\/wp-json\/wp\/v2\/product_cat?post=5808"},{"taxonomy":"product_tag","embeddable":true,"href":"https:\/\/www.quelagrow.com\/pt\/wp-json\/wp\/v2\/product_tag?post=5808"}],"curies":[{"name":"wp","href":"https:\/\/api.w.org\/{rel}","templated":true}]}}