{"id":5812,"date":"2024-10-14T18:00:04","date_gmt":"2024-10-14T16:00:04","guid":{"rendered":"https:\/\/www.quelagrow.com\/sem%20categoria\/corrector-carencias-zn-mn-solido\/"},"modified":"2024-12-09T19:46:00","modified_gmt":"2024-12-09T18:46:00","slug":"corretores-de-carencias-zn-mn-solido","status":"publish","type":"product","link":"https:\/\/www.quelagrow.com\/pt\/fertilizantes-agricolas\/corretores-de-carencias\/corretores-de-carencias-zn-mn-solido\/","title":{"rendered":"QUELAFERT\u00ae CINC-MANGANESO S"},"content":{"rendered":"<p>Corretor de car\u00eancias de Zinco e Mangan\u00eas S constitu\u00eddo por uma mistura s\u00f3lida destes microelementos. <strong>QUELAFERT\u00ae Cinc-Mangan\u00eas-S<\/strong> previne e controla as car\u00eancias causadas por desequil\u00edbrios ou defici\u00eancias na assimila\u00e7\u00e3o destes elementos na planta. A formula\u00e7\u00e3o especial de <strong>QUELAFERT\u00ae Cinc-Mangan\u00eas-S<\/strong> oferece as seguintes vantagens:<\/p>\n<ul>\n<li>Flora\u00e7\u00e3o melhorada e frutos de melhor qualidade.<\/li>\n<li>Aumenta o peso e o tamanho dos frutos na fase de engrossamento.<\/li>\n<li>Antecipar a colheita.<\/li>\n<li>Aumento do desempenho.<\/li>\n<\/ul>\n<p><strong>QUELAFERT\u00ae Cinc-Mangan\u00eas-S<\/strong> pode ser aplicado durante todo o ano, mas principalmente durante as fases de flora\u00e7\u00e3o e engorda da cultura.<\/p>\n","protected":false},"excerpt":{"rendered":"<p>Corretor de car\u00eancias de Zinco e Mangan\u00eas S constitu\u00eddo por uma mistura s\u00f3lida destes microelementos. QUELAFERT\u00ae Cinc-Mangan\u00eas-S previne e controla as car\u00eancias causadas por desequil\u00edbrios ou defici\u00eancias na assimila\u00e7\u00e3o destes elementos na planta. A formula\u00e7\u00e3o especial de QUELAFERT\u00ae Cinc-Mangan\u00eas-S oferece as seguintes vantagens: Flora\u00e7\u00e3o melhorada e frutos de melhor qualidade. Aumenta o peso e o [&hellip;]<\/p>\n","protected":false},"featured_media":6490,"comment_status":"closed","ping_status":"closed","template":"","meta":{"_acf_changed":false},"product_brand":[],"product_cat":[204,200],"product_tag":[210,211],"class_list":{"0":"post-5812","1":"product","2":"type-product","3":"status-publish","4":"has-post-thumbnail","6":"product_cat-corretores-de-carencias","7":"product_cat-fertilizantes-agricolas","8":"product_tag-corretores-de-carencias-ecologicas-agricultura","9":"product_tag-organico","11":"first","12":"instock","13":"taxable","14":"shipping-taxable","15":"product-type-simple"},"acf":[],"_links":{"self":[{"href":"https:\/\/www.quelagrow.com\/pt\/wp-json\/wp\/v2\/product\/5812","targetHints":{"allow":["GET"]}}],"collection":[{"href":"https:\/\/www.quelagrow.com\/pt\/wp-json\/wp\/v2\/product"}],"about":[{"href":"https:\/\/www.quelagrow.com\/pt\/wp-json\/wp\/v2\/types\/product"}],"replies":[{"embeddable":true,"href":"https:\/\/www.quelagrow.com\/pt\/wp-json\/wp\/v2\/comments?post=5812"}],"version-history":[{"count":1,"href":"https:\/\/www.quelagrow.com\/pt\/wp-json\/wp\/v2\/product\/5812\/revisions"}],"predecessor-version":[{"id":5899,"href":"https:\/\/www.quelagrow.com\/pt\/wp-json\/wp\/v2\/product\/5812\/revisions\/5899"}],"wp:featuredmedia":[{"embeddable":true,"href":"https:\/\/www.quelagrow.com\/pt\/wp-json\/wp\/v2\/media\/6490"}],"wp:attachment":[{"href":"https:\/\/www.quelagrow.com\/pt\/wp-json\/wp\/v2\/media?parent=5812"}],"wp:term":[{"taxonomy":"product_brand","embeddable":true,"href":"https:\/\/www.quelagrow.com\/pt\/wp-json\/wp\/v2\/product_brand?post=5812"},{"taxonomy":"product_cat","embeddable":true,"href":"https:\/\/www.quelagrow.com\/pt\/wp-json\/wp\/v2\/product_cat?post=5812"},{"taxonomy":"product_tag","embeddable":true,"href":"https:\/\/www.quelagrow.com\/pt\/wp-json\/wp\/v2\/product_tag?post=5812"}],"curies":[{"name":"wp","href":"https:\/\/api.w.org\/{rel}","templated":true}]}}