{"id":5836,"date":"2024-10-14T17:55:39","date_gmt":"2024-10-14T15:55:39","guid":{"rendered":"https:\/\/www.quelagrow.com\/sem%20categoria\/calcio-magnesio-microelementos\/"},"modified":"2024-12-09T19:46:17","modified_gmt":"2024-12-09T18:46:17","slug":"calcio-magnesio-microelementos","status":"publish","type":"product","link":"https:\/\/www.quelagrow.com\/pt\/fertilizantes-agricolas\/corretores-de-carencias\/calcio-magnesio-microelementos\/","title":{"rendered":"QUELAFERT\u00ae CALCIPLUS"},"content":{"rendered":"<p><strong>QUELAFERT\u00ae CALCI-PLUS<\/strong> \u00e9 uma fonte natural de c\u00e1lcio e magn\u00e9sio gra\u00e7as \u00e0 sua composi\u00e7\u00e3o rica em \u00e1cidos policarbox\u00edlicos e enzimas que facilitam a absor\u00e7\u00e3o do c\u00e1lcio pela planta ao mesmo tempo que a estimulam. \u00c9 tamb\u00e9m complementado com uma s\u00e9rie de microelementos quelatados que reduzem a possibilidade de fisiopatologias na planta devido \u00e0 falta de qualquer microelemento. Com <strong>QUELAFERT\u00ae CALCI-PLUS<\/strong> evitam-se v\u00e1rias fisiopatologias sofridas pelas culturas como o bitter-pit (macieira), blosson-en-rot (hortali\u00e7as de fruto), tip-burn (hortali\u00e7as de folha e morango), cracking (cereja e ameixa) devido a car\u00eancias de c\u00e1lcio. <\/p>\n","protected":false},"excerpt":{"rendered":"<p>QUELAFERT\u00ae CALCI-PLUS \u00e9 uma fonte natural de c\u00e1lcio e magn\u00e9sio gra\u00e7as \u00e0 sua composi\u00e7\u00e3o rica em \u00e1cidos policarbox\u00edlicos e enzimas que facilitam a absor\u00e7\u00e3o do c\u00e1lcio pela planta ao mesmo tempo que a estimulam. \u00c9 tamb\u00e9m complementado com uma s\u00e9rie de microelementos quelatados que reduzem a possibilidade de fisiopatologias na planta devido \u00e0 falta de [&hellip;]<\/p>\n","protected":false},"featured_media":6583,"comment_status":"closed","ping_status":"closed","template":"","meta":{"_acf_changed":false},"product_brand":[],"product_cat":[204,200],"product_tag":[],"class_list":{"0":"post-5836","1":"product","2":"type-product","3":"status-publish","4":"has-post-thumbnail","6":"product_cat-corretores-de-carencias","7":"product_cat-fertilizantes-agricolas","9":"first","10":"instock","11":"taxable","12":"shipping-taxable","13":"product-type-simple"},"acf":[],"_links":{"self":[{"href":"https:\/\/www.quelagrow.com\/pt\/wp-json\/wp\/v2\/product\/5836","targetHints":{"allow":["GET"]}}],"collection":[{"href":"https:\/\/www.quelagrow.com\/pt\/wp-json\/wp\/v2\/product"}],"about":[{"href":"https:\/\/www.quelagrow.com\/pt\/wp-json\/wp\/v2\/types\/product"}],"replies":[{"embeddable":true,"href":"https:\/\/www.quelagrow.com\/pt\/wp-json\/wp\/v2\/comments?post=5836"}],"version-history":[{"count":1,"href":"https:\/\/www.quelagrow.com\/pt\/wp-json\/wp\/v2\/product\/5836\/revisions"}],"predecessor-version":[{"id":5900,"href":"https:\/\/www.quelagrow.com\/pt\/wp-json\/wp\/v2\/product\/5836\/revisions\/5900"}],"wp:featuredmedia":[{"embeddable":true,"href":"https:\/\/www.quelagrow.com\/pt\/wp-json\/wp\/v2\/media\/6583"}],"wp:attachment":[{"href":"https:\/\/www.quelagrow.com\/pt\/wp-json\/wp\/v2\/media?parent=5836"}],"wp:term":[{"taxonomy":"product_brand","embeddable":true,"href":"https:\/\/www.quelagrow.com\/pt\/wp-json\/wp\/v2\/product_brand?post=5836"},{"taxonomy":"product_cat","embeddable":true,"href":"https:\/\/www.quelagrow.com\/pt\/wp-json\/wp\/v2\/product_cat?post=5836"},{"taxonomy":"product_tag","embeddable":true,"href":"https:\/\/www.quelagrow.com\/pt\/wp-json\/wp\/v2\/product_tag?post=5836"}],"curies":[{"name":"wp","href":"https:\/\/api.w.org\/{rel}","templated":true}]}}