{"id":5842,"date":"2024-10-14T17:27:22","date_gmt":"2024-10-14T15:27:22","guid":{"rendered":"https:\/\/www.quelagrow.com\/sem%20categoria\/calcio-sin-nitratos\/"},"modified":"2024-12-09T19:47:12","modified_gmt":"2024-12-09T18:47:12","slug":"calcio-sem-nitratos","status":"publish","type":"product","link":"https:\/\/www.quelagrow.com\/pt\/fertilizantes-agricolas\/corretores-de-carencias\/calcio-sem-nitratos\/","title":{"rendered":"QUELAFERT\u00ae SorbCa"},"content":{"rendered":"<p>Produto l\u00edquido com 12% de \u00d3xido de C\u00e1lcio, isento de nitratos e cloretos, o que o torna uma excelente fonte de c\u00e1lcio, especialmente quando a adi\u00e7\u00e3o de nitratos deve ser evitada. Com a adi\u00e7\u00e3o de c\u00e1lcio isento de nitrog\u00e9nio, evitam-se v\u00e1rias doen\u00e7as das culturas, como o \u201cbitter-pit\u201d (ma\u00e7\u00e3), o \u201cblosson-en-rot\u201d (legumes de fruto), o \u201ctip-burn\u201d (legumes de folha e morango), o \u201ccracking\u201d (cereja e ameixa). A presen\u00e7a adicional de boro assegura uma melhor assimila\u00e7\u00e3o do c\u00e1lcio pela planta.<\/p>\n","protected":false},"excerpt":{"rendered":"<p>Produto l\u00edquido com 12% de \u00d3xido de C\u00e1lcio, isento de nitratos e cloretos, o que o torna uma excelente fonte de c\u00e1lcio, especialmente quando a adi\u00e7\u00e3o de nitratos deve ser evitada. Com a adi\u00e7\u00e3o de c\u00e1lcio isento de nitrog\u00e9nio, evitam-se v\u00e1rias doen\u00e7as das culturas, como o \u201cbitter-pit\u201d (ma\u00e7\u00e3), o \u201cblosson-en-rot\u201d (legumes de fruto), o \u201ctip-burn\u201d [&hellip;]<\/p>\n","protected":false},"featured_media":7096,"comment_status":"closed","ping_status":"closed","template":"","meta":{"_acf_changed":false},"product_brand":[],"product_cat":[204,200],"product_tag":[210,211],"class_list":{"0":"post-5842","1":"product","2":"type-product","3":"status-publish","4":"has-post-thumbnail","6":"product_cat-corretores-de-carencias","7":"product_cat-fertilizantes-agricolas","8":"product_tag-corretores-de-carencias-ecologicas-agricultura","9":"product_tag-organico","11":"first","12":"instock","13":"taxable","14":"shipping-taxable","15":"product-type-simple"},"acf":[],"_links":{"self":[{"href":"https:\/\/www.quelagrow.com\/pt\/wp-json\/wp\/v2\/product\/5842","targetHints":{"allow":["GET"]}}],"collection":[{"href":"https:\/\/www.quelagrow.com\/pt\/wp-json\/wp\/v2\/product"}],"about":[{"href":"https:\/\/www.quelagrow.com\/pt\/wp-json\/wp\/v2\/types\/product"}],"replies":[{"embeddable":true,"href":"https:\/\/www.quelagrow.com\/pt\/wp-json\/wp\/v2\/comments?post=5842"}],"version-history":[{"count":1,"href":"https:\/\/www.quelagrow.com\/pt\/wp-json\/wp\/v2\/product\/5842\/revisions"}],"predecessor-version":[{"id":5903,"href":"https:\/\/www.quelagrow.com\/pt\/wp-json\/wp\/v2\/product\/5842\/revisions\/5903"}],"wp:featuredmedia":[{"embeddable":true,"href":"https:\/\/www.quelagrow.com\/pt\/wp-json\/wp\/v2\/media\/7096"}],"wp:attachment":[{"href":"https:\/\/www.quelagrow.com\/pt\/wp-json\/wp\/v2\/media?parent=5842"}],"wp:term":[{"taxonomy":"product_brand","embeddable":true,"href":"https:\/\/www.quelagrow.com\/pt\/wp-json\/wp\/v2\/product_brand?post=5842"},{"taxonomy":"product_cat","embeddable":true,"href":"https:\/\/www.quelagrow.com\/pt\/wp-json\/wp\/v2\/product_cat?post=5842"},{"taxonomy":"product_tag","embeddable":true,"href":"https:\/\/www.quelagrow.com\/pt\/wp-json\/wp\/v2\/product_tag?post=5842"}],"curies":[{"name":"wp","href":"https:\/\/api.w.org\/{rel}","templated":true}]}}