{"id":5846,"date":"2024-10-14T17:13:13","date_gmt":"2024-10-14T15:13:13","guid":{"rendered":"https:\/\/www.quelagrow.com\/sem%20categoria\/quelato-hierro-6-eddha-4-8-orto-orto\/"},"modified":"2024-12-09T19:47:46","modified_gmt":"2024-12-09T18:47:46","slug":"quelato-fer-6-eddha-4-8-orto-orto","status":"publish","type":"product","link":"https:\/\/www.quelagrow.com\/pt\/fertilizantes-agricolas\/corretores-de-carencias\/quelato-fer-6-eddha-4-8-orto-orto\/","title":{"rendered":"QUELAFERT\u00ae HIERRO"},"content":{"rendered":"<p>Corretor de car\u00eancias de ferro altamente eficaz gra\u00e7as ao agente quelante e \u00e0 rela\u00e7\u00e3o Ortho-Ortho, que assegura uma gama de estabilidade da fra\u00e7\u00e3o quelatada para um pH de 3 a 11.<\/p>\n<p><strong>QUELAFERT\u00ae IRON<\/strong> previne a car\u00eancia de ferro em plantas frut\u00edcolas, hort\u00edcolas e ornamentais devido ao efeito do pH; que pode ser acentuado pelo excesso de \u00e1gua, falta de arejamento do solo ou pela a\u00e7\u00e3o antag\u00f3nica de outros oligoelementos.<\/p>\n","protected":false},"excerpt":{"rendered":"<p>Corretor de car\u00eancias de ferro altamente eficaz gra\u00e7as ao agente quelante e \u00e0 rela\u00e7\u00e3o Ortho-Ortho, que assegura uma gama de estabilidade da fra\u00e7\u00e3o quelatada para um pH de 3 a 11. QUELAFERT\u00ae IRON previne a car\u00eancia de ferro em plantas frut\u00edcolas, hort\u00edcolas e ornamentais devido ao efeito do pH; que pode ser acentuado pelo excesso [&hellip;]<\/p>\n","protected":false},"featured_media":6474,"comment_status":"closed","ping_status":"closed","template":"","meta":{"_acf_changed":false},"product_brand":[],"product_cat":[204,200],"product_tag":[],"class_list":{"0":"post-5846","1":"product","2":"type-product","3":"status-publish","4":"has-post-thumbnail","6":"product_cat-corretores-de-carencias","7":"product_cat-fertilizantes-agricolas","9":"first","10":"instock","11":"taxable","12":"shipping-taxable","13":"product-type-simple"},"acf":[],"_links":{"self":[{"href":"https:\/\/www.quelagrow.com\/pt\/wp-json\/wp\/v2\/product\/5846","targetHints":{"allow":["GET"]}}],"collection":[{"href":"https:\/\/www.quelagrow.com\/pt\/wp-json\/wp\/v2\/product"}],"about":[{"href":"https:\/\/www.quelagrow.com\/pt\/wp-json\/wp\/v2\/types\/product"}],"replies":[{"embeddable":true,"href":"https:\/\/www.quelagrow.com\/pt\/wp-json\/wp\/v2\/comments?post=5846"}],"version-history":[{"count":1,"href":"https:\/\/www.quelagrow.com\/pt\/wp-json\/wp\/v2\/product\/5846\/revisions"}],"predecessor-version":[{"id":5905,"href":"https:\/\/www.quelagrow.com\/pt\/wp-json\/wp\/v2\/product\/5846\/revisions\/5905"}],"wp:featuredmedia":[{"embeddable":true,"href":"https:\/\/www.quelagrow.com\/pt\/wp-json\/wp\/v2\/media\/6474"}],"wp:attachment":[{"href":"https:\/\/www.quelagrow.com\/pt\/wp-json\/wp\/v2\/media?parent=5846"}],"wp:term":[{"taxonomy":"product_brand","embeddable":true,"href":"https:\/\/www.quelagrow.com\/pt\/wp-json\/wp\/v2\/product_brand?post=5846"},{"taxonomy":"product_cat","embeddable":true,"href":"https:\/\/www.quelagrow.com\/pt\/wp-json\/wp\/v2\/product_cat?post=5846"},{"taxonomy":"product_tag","embeddable":true,"href":"https:\/\/www.quelagrow.com\/pt\/wp-json\/wp\/v2\/product_tag?post=5846"}],"curies":[{"name":"wp","href":"https:\/\/api.w.org\/{rel}","templated":true}]}}