{"id":5850,"date":"2024-10-14T16:32:15","date_gmt":"2024-10-14T14:32:15","guid":{"rendered":"https:\/\/www.quelagrow.com\/sem%20categoria\/microelementos-quelatados\/"},"modified":"2024-12-09T19:48:13","modified_gmt":"2024-12-09T18:48:13","slug":"microelementos-chelatados","status":"publish","type":"product","link":"https:\/\/www.quelagrow.com\/pt\/fertilizantes-agricolas\/corretores-de-carencias\/microelementos-chelatados\/","title":{"rendered":"QUELAFERT\u00ae MICROS S"},"content":{"rendered":"<p>Mistura f\u00edsica de micronutrientes. Os elementos met\u00e1licos s\u00e3o quelatados por EDTA e os elementos n\u00e3o met\u00e1licos s\u00e3o sol\u00faveis em \u00e1gua. Possui um elevado teor de Ferro (7%), o que o torna uma formula\u00e7\u00e3o muito adequada para tratamentos corretivos urgentes (tratamentos de resgate) da clorose f\u00e9rrica, uma vez que a resposta da planta tratada \u00e9 imediata. <\/p>\n","protected":false},"excerpt":{"rendered":"<p>Mistura f\u00edsica de micronutrientes. Os elementos met\u00e1licos s\u00e3o quelatados por EDTA e os elementos n\u00e3o met\u00e1licos s\u00e3o sol\u00faveis em \u00e1gua. Possui um elevado teor de Ferro (7%), o que o torna uma formula\u00e7\u00e3o muito adequada para tratamentos corretivos urgentes (tratamentos de resgate) da clorose f\u00e9rrica, uma vez que a resposta da planta tratada \u00e9 imediata.<\/p>\n","protected":false},"featured_media":6462,"comment_status":"closed","ping_status":"closed","template":"","meta":{"_acf_changed":false},"product_brand":[],"product_cat":[204,200],"product_tag":[],"class_list":{"0":"post-5850","1":"product","2":"type-product","3":"status-publish","4":"has-post-thumbnail","6":"product_cat-corretores-de-carencias","7":"product_cat-fertilizantes-agricolas","9":"first","10":"instock","11":"taxable","12":"shipping-taxable","13":"product-type-simple"},"acf":[],"_links":{"self":[{"href":"https:\/\/www.quelagrow.com\/pt\/wp-json\/wp\/v2\/product\/5850","targetHints":{"allow":["GET"]}}],"collection":[{"href":"https:\/\/www.quelagrow.com\/pt\/wp-json\/wp\/v2\/product"}],"about":[{"href":"https:\/\/www.quelagrow.com\/pt\/wp-json\/wp\/v2\/types\/product"}],"replies":[{"embeddable":true,"href":"https:\/\/www.quelagrow.com\/pt\/wp-json\/wp\/v2\/comments?post=5850"}],"version-history":[{"count":1,"href":"https:\/\/www.quelagrow.com\/pt\/wp-json\/wp\/v2\/product\/5850\/revisions"}],"predecessor-version":[{"id":5907,"href":"https:\/\/www.quelagrow.com\/pt\/wp-json\/wp\/v2\/product\/5850\/revisions\/5907"}],"wp:featuredmedia":[{"embeddable":true,"href":"https:\/\/www.quelagrow.com\/pt\/wp-json\/wp\/v2\/media\/6462"}],"wp:attachment":[{"href":"https:\/\/www.quelagrow.com\/pt\/wp-json\/wp\/v2\/media?parent=5850"}],"wp:term":[{"taxonomy":"product_brand","embeddable":true,"href":"https:\/\/www.quelagrow.com\/pt\/wp-json\/wp\/v2\/product_brand?post=5850"},{"taxonomy":"product_cat","embeddable":true,"href":"https:\/\/www.quelagrow.com\/pt\/wp-json\/wp\/v2\/product_cat?post=5850"},{"taxonomy":"product_tag","embeddable":true,"href":"https:\/\/www.quelagrow.com\/pt\/wp-json\/wp\/v2\/product_tag?post=5850"}],"curies":[{"name":"wp","href":"https:\/\/api.w.org\/{rel}","templated":true}]}}