{"id":5852,"date":"2024-10-14T16:23:33","date_gmt":"2024-10-14T14:23:33","guid":{"rendered":"https:\/\/www.quelagrow.com\/sem%20categoria\/solidos-2\/"},"modified":"2024-12-09T19:48:26","modified_gmt":"2024-12-09T18:48:26","slug":"solidos-2","status":"publish","type":"product","link":"https:\/\/www.quelagrow.com\/pt\/fertilizantes-agricolas\/adubos-foliares\/solidos-2\/","title":{"rendered":"QUELAFERT\u00ae FOLIARES S\u00d3LIDOS"},"content":{"rendered":"<p>Diferentes formula\u00e7\u00f5es foliares enriquecidas com microelementos (ferro, cobre, zinco, mangan\u00eas na forma quelatada e boro e molibd\u00e9nio na forma mineral), de f\u00e1cil aplica\u00e7\u00e3o e dissolu\u00e7\u00e3o.<\/p>\n<p>S\u00e3o formula\u00e7\u00f5es desenvolvidas para aplica\u00e7\u00e3o nas diferentes fases de desenvolvimento das culturas hortofrut\u00edcolas.<\/p>\n","protected":false},"excerpt":{"rendered":"<p>Diferentes formula\u00e7\u00f5es foliares enriquecidas com microelementos (ferro, cobre, zinco, mangan\u00eas na forma quelatada e boro e molibd\u00e9nio na forma mineral), de f\u00e1cil aplica\u00e7\u00e3o e dissolu\u00e7\u00e3o. S\u00e3o formula\u00e7\u00f5es desenvolvidas para aplica\u00e7\u00e3o nas diferentes fases de desenvolvimento das culturas hortofrut\u00edcolas.<\/p>\n","protected":false},"featured_media":8098,"comment_status":"closed","ping_status":"closed","template":"","meta":{"_acf_changed":false},"product_brand":[],"product_cat":[201,200],"product_tag":[],"class_list":{"0":"post-5852","1":"product","2":"type-product","3":"status-publish","4":"has-post-thumbnail","6":"product_cat-adubos-foliares","7":"product_cat-fertilizantes-agricolas","9":"first","10":"instock","11":"taxable","12":"shipping-taxable","13":"product-type-simple"},"acf":[],"_links":{"self":[{"href":"https:\/\/www.quelagrow.com\/pt\/wp-json\/wp\/v2\/product\/5852","targetHints":{"allow":["GET"]}}],"collection":[{"href":"https:\/\/www.quelagrow.com\/pt\/wp-json\/wp\/v2\/product"}],"about":[{"href":"https:\/\/www.quelagrow.com\/pt\/wp-json\/wp\/v2\/types\/product"}],"replies":[{"embeddable":true,"href":"https:\/\/www.quelagrow.com\/pt\/wp-json\/wp\/v2\/comments?post=5852"}],"version-history":[{"count":1,"href":"https:\/\/www.quelagrow.com\/pt\/wp-json\/wp\/v2\/product\/5852\/revisions"}],"predecessor-version":[{"id":5909,"href":"https:\/\/www.quelagrow.com\/pt\/wp-json\/wp\/v2\/product\/5852\/revisions\/5909"}],"wp:featuredmedia":[{"embeddable":true,"href":"https:\/\/www.quelagrow.com\/pt\/wp-json\/wp\/v2\/media\/8098"}],"wp:attachment":[{"href":"https:\/\/www.quelagrow.com\/pt\/wp-json\/wp\/v2\/media?parent=5852"}],"wp:term":[{"taxonomy":"product_brand","embeddable":true,"href":"https:\/\/www.quelagrow.com\/pt\/wp-json\/wp\/v2\/product_brand?post=5852"},{"taxonomy":"product_cat","embeddable":true,"href":"https:\/\/www.quelagrow.com\/pt\/wp-json\/wp\/v2\/product_cat?post=5852"},{"taxonomy":"product_tag","embeddable":true,"href":"https:\/\/www.quelagrow.com\/pt\/wp-json\/wp\/v2\/product_tag?post=5852"}],"curies":[{"name":"wp","href":"https:\/\/api.w.org\/{rel}","templated":true}]}}