{"id":5854,"date":"2024-10-14T16:00:38","date_gmt":"2024-10-14T14:00:38","guid":{"rendered":"https:\/\/www.quelagrow.com\/sem%20categoria\/tipo-gel\/"},"modified":"2025-02-19T18:13:38","modified_gmt":"2025-02-19T17:13:38","slug":"tipo-gel","status":"publish","type":"product","link":"https:\/\/www.quelagrow.com\/pt\/fertilizantes-agricolas\/adubos-foliares\/tipo-gel\/","title":{"rendered":"QUELAFERT\u00ae FERTyGEL"},"content":{"rendered":"\t\t<div data-elementor-type=\"product-post\" data-elementor-id=\"5854\" class=\"elementor elementor-5854 elementor-3107\" data-elementor-post-type=\"product\">\n\t\t\t\t<div class=\"elementor-element elementor-element-44d0730e e-flex e-con-boxed e-con e-parent\" data-id=\"44d0730e\" data-element_type=\"container\" data-e-type=\"container\">\n\t\t\t\t\t<div class=\"e-con-inner\">\n\t\t\t\t<div class=\"elementor-element elementor-element-50621ab7 elementor-widget elementor-widget-text-editor\" data-id=\"50621ab7\" data-element_type=\"widget\" data-e-type=\"widget\" data-widget_type=\"text-editor.default\">\n\t\t\t\t<div class=\"elementor-widget-container\">\n\t\t\t\t\t\t\t\t\tLos abonos foliares tipo gel FERTyGEL conjugan las ventajas de los productos s\u00f3lidos y l\u00edquidos en un solo producto:\r\n<ul>\r\n \t<li>Abonos s\u00f3lidos: alta concentraci\u00f3n en nutrientes<\/li>\r\n \t<li>Abonos l\u00edquidos: facilidad de disoluci\u00f3n y aplicaci\u00f3n<\/li>\r\n<\/ul>\r\nCon la aplicaci\u00f3n de nuestros formulados tipo gel, facilitamos al agricultor una forma eficaz a la hora de complementar los abonos de fondo.\r\n\r\nSon formulaciones desarrolladas para aplicarlas en los distintos estadios de desarrollo de los cultivos tanto frutales como hort\u00edcolas.\t\t\t\t\t\t\t\t<\/div>\n\t\t\t\t<\/div>\n\t\t\t\t\t<\/div>\n\t\t\t\t<\/div>\n\t\t\t\t<\/div>\n\t\t","protected":false},"excerpt":{"rendered":"<p>Los abonos foliares tipo gel FERTyGEL conjugan las ventajas de los productos s\u00f3lidos y l\u00edquidos en un solo producto: Abonos s\u00f3lidos: alta concentraci\u00f3n en nutrientes Abonos l\u00edquidos: facilidad de disoluci\u00f3n y aplicaci\u00f3n Con la aplicaci\u00f3n de nuestros formulados tipo gel, facilitamos al agricultor una forma eficaz a la hora de complementar los abonos de fondo. [&hellip;]<\/p>\n","protected":false},"featured_media":7054,"comment_status":"closed","ping_status":"closed","template":"","meta":{"_acf_changed":false},"product_brand":[],"product_cat":[201,200],"product_tag":[],"class_list":{"0":"post-5854","1":"product","2":"type-product","3":"status-publish","4":"has-post-thumbnail","6":"product_cat-adubos-foliares","7":"product_cat-fertilizantes-agricolas","9":"first","10":"instock","11":"taxable","12":"shipping-taxable","13":"product-type-simple"},"acf":[],"_links":{"self":[{"href":"https:\/\/www.quelagrow.com\/pt\/wp-json\/wp\/v2\/product\/5854","targetHints":{"allow":["GET"]}}],"collection":[{"href":"https:\/\/www.quelagrow.com\/pt\/wp-json\/wp\/v2\/product"}],"about":[{"href":"https:\/\/www.quelagrow.com\/pt\/wp-json\/wp\/v2\/types\/product"}],"replies":[{"embeddable":true,"href":"https:\/\/www.quelagrow.com\/pt\/wp-json\/wp\/v2\/comments?post=5854"}],"version-history":[{"count":2,"href":"https:\/\/www.quelagrow.com\/pt\/wp-json\/wp\/v2\/product\/5854\/revisions"}],"predecessor-version":[{"id":6557,"href":"https:\/\/www.quelagrow.com\/pt\/wp-json\/wp\/v2\/product\/5854\/revisions\/6557"}],"wp:featuredmedia":[{"embeddable":true,"href":"https:\/\/www.quelagrow.com\/pt\/wp-json\/wp\/v2\/media\/7054"}],"wp:attachment":[{"href":"https:\/\/www.quelagrow.com\/pt\/wp-json\/wp\/v2\/media?parent=5854"}],"wp:term":[{"taxonomy":"product_brand","embeddable":true,"href":"https:\/\/www.quelagrow.com\/pt\/wp-json\/wp\/v2\/product_brand?post=5854"},{"taxonomy":"product_cat","embeddable":true,"href":"https:\/\/www.quelagrow.com\/pt\/wp-json\/wp\/v2\/product_cat?post=5854"},{"taxonomy":"product_tag","embeddable":true,"href":"https:\/\/www.quelagrow.com\/pt\/wp-json\/wp\/v2\/product_tag?post=5854"}],"curies":[{"name":"wp","href":"https:\/\/api.w.org\/{rel}","templated":true}]}}