{"id":6769,"date":"2025-02-09T20:36:53","date_gmt":"2025-02-09T19:36:53","guid":{"rendered":"https:\/\/www.quelagrow.com\/?post_type=product&#038;p=6769"},"modified":"2025-04-14T22:12:54","modified_gmt":"2025-04-14T20:12:54","slug":"quelafert-regenerator","status":"publish","type":"product","link":"https:\/\/www.quelagrow.com\/pt\/fertilizantes-agricolas\/corretores-de-solos\/quelafert-regenerator\/","title":{"rendered":"QUELAFERT\u00ae REGENERATOR"},"content":{"rendered":"<p><b><strong>REGENERATOR<\/strong><\/b> (produto pertencente \u00e0 linha <b><strong>RE<\/strong><\/b> de QUELAGROW) \u00e9 um complexo de microrganismos formado por B. megaterium, Pseudomona fluorescens e Azotobacter sp. que demonstraram ser eficazes na absor\u00e7\u00e3o do azoto atmosf\u00e9rico e na fixa\u00e7\u00e3o do f\u00f3sforo e do pot\u00e1ssio, conseguindo assim uma maior efici\u00eancia na utiliza\u00e7\u00e3o dos adubos qu\u00edmicos tradicionais:<\/p>\n<ul>\n<li>Reduzimos o uso de fertilizantes qu\u00edmicos com a consequente poupan\u00e7a econ\u00f3mica.<\/li>\n<li>Reduzimos o impacto ambiental do uso de fertilizantes convencionais.<\/li>\n<\/ul>\n<p><b><strong>O REGENERATOR<\/strong><\/b> tem tamb\u00e9m outras vantagens para a f\u00e1brica:<\/p>\n<ul>\n<li>Produ\u00e7\u00e3o de matebolitos secund\u00e1rios e fitohormonas naturais.<\/li>\n<li>Estimula\u00e7\u00e3o da produ\u00e7\u00e3o de ra\u00edzes secund\u00e1rias<\/li>\n<li>Favorece a intera\u00e7\u00e3o raiz-solo, melhorando a simbiose natural entre a planta e o solo.<\/li>\n<li>Aumenta a popula\u00e7\u00e3o de microrganismos ben\u00e9ficos na rizosfera.<\/li>\n<\/ul>\n<p>Em suma, REGENATOR \u00e9 um produto que regenera os solos agr\u00edcolas danificados pela utiliza\u00e7\u00e3o cont\u00ednua de agroqu\u00edmicos.<\/p>\n","protected":false},"excerpt":{"rendered":"<p>REGENERATOR (produto pertencente \u00e0 linha RE de QUELAGROW) \u00e9 um complexo de microrganismos formado por B. megaterium, Pseudomona fluorescens e Azotobacter sp. que demonstraram ser eficazes na absor\u00e7\u00e3o do azoto atmosf\u00e9rico e na fixa\u00e7\u00e3o do f\u00f3sforo e do pot\u00e1ssio, conseguindo assim uma maior efici\u00eancia na utiliza\u00e7\u00e3o dos adubos qu\u00edmicos tradicionais: Reduzimos o uso de fertilizantes [&hellip;]<\/p>\n","protected":false},"featured_media":6774,"comment_status":"closed","ping_status":"closed","template":"","meta":{"_acf_changed":false},"product_brand":[],"product_cat":[206,200],"product_tag":[],"class_list":{"0":"post-6769","1":"product","2":"type-product","3":"status-publish","4":"has-post-thumbnail","6":"product_cat-corretores-de-solos","7":"product_cat-fertilizantes-agricolas","9":"first","10":"instock","11":"taxable","12":"shipping-taxable","13":"product-type-simple"},"acf":[],"_links":{"self":[{"href":"https:\/\/www.quelagrow.com\/pt\/wp-json\/wp\/v2\/product\/6769","targetHints":{"allow":["GET"]}}],"collection":[{"href":"https:\/\/www.quelagrow.com\/pt\/wp-json\/wp\/v2\/product"}],"about":[{"href":"https:\/\/www.quelagrow.com\/pt\/wp-json\/wp\/v2\/types\/product"}],"replies":[{"embeddable":true,"href":"https:\/\/www.quelagrow.com\/pt\/wp-json\/wp\/v2\/comments?post=6769"}],"version-history":[{"count":2,"href":"https:\/\/www.quelagrow.com\/pt\/wp-json\/wp\/v2\/product\/6769\/revisions"}],"predecessor-version":[{"id":7258,"href":"https:\/\/www.quelagrow.com\/pt\/wp-json\/wp\/v2\/product\/6769\/revisions\/7258"}],"wp:featuredmedia":[{"embeddable":true,"href":"https:\/\/www.quelagrow.com\/pt\/wp-json\/wp\/v2\/media\/6774"}],"wp:attachment":[{"href":"https:\/\/www.quelagrow.com\/pt\/wp-json\/wp\/v2\/media?parent=6769"}],"wp:term":[{"taxonomy":"product_brand","embeddable":true,"href":"https:\/\/www.quelagrow.com\/pt\/wp-json\/wp\/v2\/product_brand?post=6769"},{"taxonomy":"product_cat","embeddable":true,"href":"https:\/\/www.quelagrow.com\/pt\/wp-json\/wp\/v2\/product_cat?post=6769"},{"taxonomy":"product_tag","embeddable":true,"href":"https:\/\/www.quelagrow.com\/pt\/wp-json\/wp\/v2\/product_tag?post=6769"}],"curies":[{"name":"wp","href":"https:\/\/api.w.org\/{rel}","templated":true}]}}