{"id":7390,"date":"2025-06-21T15:19:59","date_gmt":"2025-06-21T13:19:59","guid":{"rendered":"https:\/\/www.quelagrow.com\/?post_type=product&#038;p=7390"},"modified":"2025-06-21T17:05:25","modified_gmt":"2025-06-21T15:05:25","slug":"quelafert-max-eco-amioacido-algues-marines","status":"publish","type":"product","link":"https:\/\/www.quelagrow.com\/pt\/fertilizantes-agricolas\/fito-reguladores\/quelafert-max-eco-amioacido-algues-marines\/","title":{"rendered":"QUELAFERT\u00ae MAX ECO"},"content":{"rendered":"<p>Formule liquide con\u00e7ue pour \u00eatre appliqu\u00e9e sur les cultures horticoles et fruiti\u00e8res afin de stimuler et favoriser naturellement les processus de nouaison et de grossissement des<br \/>\nles fruits.<\/p>\n<p>MAX ECO est un produit \u00e0 base d&#8217;extraits marins, de polysaccharides et de prot\u00e9ines. Les extraits marins sont des sources naturelles de phytohormones, qui influencent les processus de floraison et de grossissement des fruits en favorisant la division cellulaire du fruit.<\/p>\n","protected":false},"excerpt":{"rendered":"<p>Formule liquide con\u00e7ue pour \u00eatre appliqu\u00e9e sur les cultures horticoles et fruiti\u00e8res afin de stimuler et favoriser naturellement les processus de nouaison et de grossissement des les fruits. MAX ECO est un produit \u00e0 base d&#8217;extraits marins, de polysaccharides et de prot\u00e9ines. Les extraits marins sont des sources naturelles de phytohormones, qui influencent les processus [&hellip;]<\/p>\n","protected":false},"featured_media":7410,"comment_status":"closed","ping_status":"closed","template":"","meta":{"_acf_changed":false},"product_brand":[],"product_cat":[200,205],"product_tag":[237],"class_list":{"0":"post-7390","1":"product","2":"type-product","3":"status-publish","4":"has-post-thumbnail","6":"product_cat-fertilizantes-agricolas","7":"product_cat-fito-reguladores","8":"product_tag-fitohormonios-ecologicos","10":"first","11":"instock","12":"taxable","13":"shipping-taxable","14":"product-type-simple"},"acf":[],"_links":{"self":[{"href":"https:\/\/www.quelagrow.com\/pt\/wp-json\/wp\/v2\/product\/7390","targetHints":{"allow":["GET"]}}],"collection":[{"href":"https:\/\/www.quelagrow.com\/pt\/wp-json\/wp\/v2\/product"}],"about":[{"href":"https:\/\/www.quelagrow.com\/pt\/wp-json\/wp\/v2\/types\/product"}],"replies":[{"embeddable":true,"href":"https:\/\/www.quelagrow.com\/pt\/wp-json\/wp\/v2\/comments?post=7390"}],"version-history":[{"count":2,"href":"https:\/\/www.quelagrow.com\/pt\/wp-json\/wp\/v2\/product\/7390\/revisions"}],"predecessor-version":[{"id":7417,"href":"https:\/\/www.quelagrow.com\/pt\/wp-json\/wp\/v2\/product\/7390\/revisions\/7417"}],"wp:featuredmedia":[{"embeddable":true,"href":"https:\/\/www.quelagrow.com\/pt\/wp-json\/wp\/v2\/media\/7410"}],"wp:attachment":[{"href":"https:\/\/www.quelagrow.com\/pt\/wp-json\/wp\/v2\/media?parent=7390"}],"wp:term":[{"taxonomy":"product_brand","embeddable":true,"href":"https:\/\/www.quelagrow.com\/pt\/wp-json\/wp\/v2\/product_brand?post=7390"},{"taxonomy":"product_cat","embeddable":true,"href":"https:\/\/www.quelagrow.com\/pt\/wp-json\/wp\/v2\/product_cat?post=7390"},{"taxonomy":"product_tag","embeddable":true,"href":"https:\/\/www.quelagrow.com\/pt\/wp-json\/wp\/v2\/product_tag?post=7390"}],"curies":[{"name":"wp","href":"https:\/\/api.w.org\/{rel}","templated":true}]}}