{"id":7479,"date":"2025-06-24T21:29:59","date_gmt":"2025-06-24T19:29:59","guid":{"rendered":"https:\/\/www.quelagrow.com\/sem categoria\/quelafert-solarblock-m\/"},"modified":"2025-06-24T21:29:59","modified_gmt":"2025-06-24T19:29:59","slug":"quelafert-solarblock-m","status":"publish","type":"product","link":"https:\/\/www.quelagrow.com\/pt\/bioprotectores-agricolas\/outros\/quelafert-solarblock-m\/","title":{"rendered":"QUELAFERT\u00ae SOLARBLOCK-M"},"content":{"rendered":"<p>F\u00f3rmula rica em c\u00e1lcio na forma de suspens\u00e3o concentrada, concebida para evitar desequil\u00edbrios nutricionais em culturas de frutas e hortali\u00e7as. O c\u00e1lcio, na forma de carbonato de c\u00e1lcio, \u00e9 libertado gradualmente no solo, o que ajuda a prevenir defici\u00eancias nutricionais. A sua utiliza\u00e7\u00e3o melhora o tamanho dos frutos, prolonga a sua conserva\u00e7\u00e3o e aumenta a sua resist\u00eancia a choques e contus\u00f5es. Quando aplicado em doses elevadas, forma uma camada protetora que protege a colheita dos danos causados pela exposi\u00e7\u00e3o solar.<\/p>\n","protected":false},"excerpt":{"rendered":"<p>F\u00f3rmula rica em c\u00e1lcio na forma de suspens\u00e3o concentrada, concebida para evitar desequil\u00edbrios nutricionais em culturas de frutas e hortali\u00e7as. O c\u00e1lcio, na forma de carbonato de c\u00e1lcio, \u00e9 libertado gradualmente no solo, o que ajuda a prevenir defici\u00eancias nutricionais. A sua utiliza\u00e7\u00e3o melhora o tamanho dos frutos, prolonga a sua conserva\u00e7\u00e3o e aumenta a [&hellip;]<\/p>\n","protected":false},"featured_media":7468,"comment_status":"closed","ping_status":"closed","template":"","meta":{"_acf_changed":false},"product_brand":[],"product_cat":[245],"product_tag":[],"class_list":{"0":"post-7479","1":"product","2":"type-product","3":"status-publish","4":"has-post-thumbnail","6":"product_cat-outros","8":"first","9":"instock","10":"taxable","11":"shipping-taxable","12":"product-type-simple"},"acf":[],"_links":{"self":[{"href":"https:\/\/www.quelagrow.com\/pt\/wp-json\/wp\/v2\/product\/7479","targetHints":{"allow":["GET"]}}],"collection":[{"href":"https:\/\/www.quelagrow.com\/pt\/wp-json\/wp\/v2\/product"}],"about":[{"href":"https:\/\/www.quelagrow.com\/pt\/wp-json\/wp\/v2\/types\/product"}],"replies":[{"embeddable":true,"href":"https:\/\/www.quelagrow.com\/pt\/wp-json\/wp\/v2\/comments?post=7479"}],"version-history":[{"count":0,"href":"https:\/\/www.quelagrow.com\/pt\/wp-json\/wp\/v2\/product\/7479\/revisions"}],"wp:featuredmedia":[{"embeddable":true,"href":"https:\/\/www.quelagrow.com\/pt\/wp-json\/wp\/v2\/media\/7468"}],"wp:attachment":[{"href":"https:\/\/www.quelagrow.com\/pt\/wp-json\/wp\/v2\/media?parent=7479"}],"wp:term":[{"taxonomy":"product_brand","embeddable":true,"href":"https:\/\/www.quelagrow.com\/pt\/wp-json\/wp\/v2\/product_brand?post=7479"},{"taxonomy":"product_cat","embeddable":true,"href":"https:\/\/www.quelagrow.com\/pt\/wp-json\/wp\/v2\/product_cat?post=7479"},{"taxonomy":"product_tag","embeddable":true,"href":"https:\/\/www.quelagrow.com\/pt\/wp-json\/wp\/v2\/product_tag?post=7479"}],"curies":[{"name":"wp","href":"https:\/\/api.w.org\/{rel}","templated":true}]}}