{"id":7550,"date":"2025-07-29T11:56:33","date_gmt":"2025-07-29T09:56:33","guid":{"rendered":"https:\/\/www.quelagrow.com\/?post_type=product&#038;p=7550"},"modified":"2026-03-16T14:44:15","modified_gmt":"2026-03-16T13:44:15","slug":"quelafert-poseidon","status":"publish","type":"product","link":"https:\/\/www.quelagrow.com\/pt\/bioprotectores-agricolas\/nematicidas-agricolas\/quelafert-poseidon\/","title":{"rendered":"QUELAFERT\u00ae POSEIDON"},"content":{"rendered":"<p>QUELAFERT\u00ae POSEIDON \u00e9 uma formula\u00e7\u00e3o l\u00edquida sol\u00favel composta por \u00f3leos essenciais e \u00e1cidos org\u00e2nicos com a\u00e7\u00e3o nematicida. A sua aplica\u00e7\u00e3o por fertirriga\u00e7\u00e3o permite reduzir eficazmente as popula\u00e7\u00f5es de nem\u00e1todos em culturas hort\u00edcolas, sem deixar res\u00edduos nem exigir um per\u00edodo de seguran\u00e7a. Gra\u00e7as \u00e0 sua origem natural, \u00e9 compat\u00edvel com programas de agricultura biol\u00f3gica e pode ser aplicado em qualquer fase do cultivo, sem risco de fitotoxicidade.<\/p>\n","protected":false},"excerpt":{"rendered":"<p>QUELAFERT\u00ae POSEIDON \u00e9 uma formula\u00e7\u00e3o l\u00edquida sol\u00favel composta por \u00f3leos essenciais e \u00e1cidos org\u00e2nicos com a\u00e7\u00e3o nematicida. A sua aplica\u00e7\u00e3o por fertirriga\u00e7\u00e3o permite reduzir eficazmente as popula\u00e7\u00f5es de nem\u00e1todos em culturas hort\u00edcolas, sem deixar res\u00edduos nem exigir um per\u00edodo de seguran\u00e7a. Gra\u00e7as \u00e0 sua origem natural, \u00e9 compat\u00edvel com programas de agricultura biol\u00f3gica e pode [&hellip;]<\/p>\n","protected":false},"featured_media":7686,"comment_status":"closed","ping_status":"closed","template":"","meta":{"_acf_changed":false},"product_brand":[],"product_cat":[195,199],"product_tag":[],"class_list":{"0":"post-7550","1":"product","2":"type-product","3":"status-publish","4":"has-post-thumbnail","6":"product_cat-bioprotectores-agricolas","7":"product_cat-nematicidas-agricolas","9":"first","10":"instock","11":"taxable","12":"shipping-taxable","13":"product-type-simple"},"acf":[],"_links":{"self":[{"href":"https:\/\/www.quelagrow.com\/pt\/wp-json\/wp\/v2\/product\/7550","targetHints":{"allow":["GET"]}}],"collection":[{"href":"https:\/\/www.quelagrow.com\/pt\/wp-json\/wp\/v2\/product"}],"about":[{"href":"https:\/\/www.quelagrow.com\/pt\/wp-json\/wp\/v2\/types\/product"}],"replies":[{"embeddable":true,"href":"https:\/\/www.quelagrow.com\/pt\/wp-json\/wp\/v2\/comments?post=7550"}],"version-history":[{"count":2,"href":"https:\/\/www.quelagrow.com\/pt\/wp-json\/wp\/v2\/product\/7550\/revisions"}],"predecessor-version":[{"id":7988,"href":"https:\/\/www.quelagrow.com\/pt\/wp-json\/wp\/v2\/product\/7550\/revisions\/7988"}],"wp:featuredmedia":[{"embeddable":true,"href":"https:\/\/www.quelagrow.com\/pt\/wp-json\/wp\/v2\/media\/7686"}],"wp:attachment":[{"href":"https:\/\/www.quelagrow.com\/pt\/wp-json\/wp\/v2\/media?parent=7550"}],"wp:term":[{"taxonomy":"product_brand","embeddable":true,"href":"https:\/\/www.quelagrow.com\/pt\/wp-json\/wp\/v2\/product_brand?post=7550"},{"taxonomy":"product_cat","embeddable":true,"href":"https:\/\/www.quelagrow.com\/pt\/wp-json\/wp\/v2\/product_cat?post=7550"},{"taxonomy":"product_tag","embeddable":true,"href":"https:\/\/www.quelagrow.com\/pt\/wp-json\/wp\/v2\/product_tag?post=7550"}],"curies":[{"name":"wp","href":"https:\/\/api.w.org\/{rel}","templated":true}]}}