{"id":8028,"date":"2025-02-10T21:10:51","date_gmt":"2025-02-10T20:10:51","guid":{"rendered":"https:\/\/www.quelagrow.com\/sem categoria\/quelafert-booster\/"},"modified":"2025-02-10T21:10:51","modified_gmt":"2025-02-10T20:10:51","slug":"quelafert-booster","status":"publish","type":"product","link":"https:\/\/www.quelagrow.com\/pt\/bioprotectores-agricolas\/insecticidas-agricolas\/quelafert-booster\/","title":{"rendered":"QUELAFERT\u00ae BOOSTER"},"content":{"rendered":"<div>\n<div>\n<div>\n<p><strong>QUELAFERT\u00ae BOOSTER<\/strong><\/p>\n<p>\u00c9 um fitofortificante l\u00edquido que melhora a efic\u00e1cia dos tratamentos fitossanit\u00e1rios, especialmente os insecticidas.<\/p>\n<p>A sua elevada concentra\u00e7\u00e3o em hidratos de carbono e pot\u00e1ssio atua como agente humectante natural, facilitando a absor\u00e7\u00e3o e aumentando a persist\u00eancia dos produtos aplicados.<\/p>\n<p>Ao dissolver a mela\u00e7a que os insectos excretam, aumenta a sua exposi\u00e7\u00e3o e vulnerabilidade aos tratamentos. Al\u00e9m disso, a sua utiliza\u00e7\u00e3o continuada pode reduzir a popula\u00e7\u00e3o de pequenas pragas ao provocar desidrata\u00e7\u00e3o em algumas esp\u00e9cies.<\/p>\n<\/div>\n<\/div>\n<\/div>\n","protected":false},"excerpt":{"rendered":"<p>QUELAFERT\u00ae BOOSTER \u00c9 um fitofortificante l\u00edquido que melhora a efic\u00e1cia dos tratamentos fitossanit\u00e1rios, especialmente os insecticidas. A sua elevada concentra\u00e7\u00e3o em hidratos de carbono e pot\u00e1ssio atua como agente humectante natural, facilitando a absor\u00e7\u00e3o e aumentando a persist\u00eancia dos produtos aplicados. Ao dissolver a mela\u00e7a que os insectos excretam, aumenta a sua exposi\u00e7\u00e3o e vulnerabilidade [&hellip;]<\/p>\n","protected":false},"featured_media":6878,"comment_status":"closed","ping_status":"closed","template":"","meta":{"_acf_changed":false},"product_brand":[],"product_cat":[195,198],"product_tag":[],"class_list":{"0":"post-8028","1":"product","2":"type-product","3":"status-publish","4":"has-post-thumbnail","6":"product_cat-bioprotectores-agricolas","7":"product_cat-insecticidas-agricolas","9":"first","10":"instock","11":"taxable","12":"shipping-taxable","13":"product-type-simple"},"acf":[],"_links":{"self":[{"href":"https:\/\/www.quelagrow.com\/pt\/wp-json\/wp\/v2\/product\/8028","targetHints":{"allow":["GET"]}}],"collection":[{"href":"https:\/\/www.quelagrow.com\/pt\/wp-json\/wp\/v2\/product"}],"about":[{"href":"https:\/\/www.quelagrow.com\/pt\/wp-json\/wp\/v2\/types\/product"}],"replies":[{"embeddable":true,"href":"https:\/\/www.quelagrow.com\/pt\/wp-json\/wp\/v2\/comments?post=8028"}],"version-history":[{"count":0,"href":"https:\/\/www.quelagrow.com\/pt\/wp-json\/wp\/v2\/product\/8028\/revisions"}],"wp:featuredmedia":[{"embeddable":true,"href":"https:\/\/www.quelagrow.com\/pt\/wp-json\/wp\/v2\/media\/6878"}],"wp:attachment":[{"href":"https:\/\/www.quelagrow.com\/pt\/wp-json\/wp\/v2\/media?parent=8028"}],"wp:term":[{"taxonomy":"product_brand","embeddable":true,"href":"https:\/\/www.quelagrow.com\/pt\/wp-json\/wp\/v2\/product_brand?post=8028"},{"taxonomy":"product_cat","embeddable":true,"href":"https:\/\/www.quelagrow.com\/pt\/wp-json\/wp\/v2\/product_cat?post=8028"},{"taxonomy":"product_tag","embeddable":true,"href":"https:\/\/www.quelagrow.com\/pt\/wp-json\/wp\/v2\/product_tag?post=8028"}],"curies":[{"name":"wp","href":"https:\/\/api.w.org\/{rel}","templated":true}]}}